{"id":23,"date":"2020-05-10T12:33:14","date_gmt":"2020-05-10T12:33:14","guid":{"rendered":"http:\/\/odakmakine.net\/?page_id=23"},"modified":"2020-05-11T22:42:43","modified_gmt":"2020-05-11T22:42:43","slug":"merhaba","status":"publish","type":"page","link":"https:\/\/odakmakine.net\/?page_id=23","title":{"rendered":"Hizmetlerimiz"},"content":{"rendered":"\n<p>\n\nElektrostatik toz boya f\u0131r\u0131nlar\u0131 \u00fcretimi, Uygulama kabini \u00fcretimi, Toz ve Ya\u015f Boya Robotu \u00fcretimi ve Servis hizmetlerini 7\/24 Anlay\u0131\u015f\u0131 ile yapmaktay\u0131z.\n\n<\/p>\n","protected":false},"excerpt":{"rendered":"<p>Elektrostatik toz boya f\u0131r\u0131nlar\u0131 \u00fcretimi, Uygulama kabini \u00fcretimi, Toz ve [&hellip;]<\/p>\n","protected":false},"author":1,"featured_media":0,"parent":0,"menu_order":0,"comment_status":"closed","ping_status":"closed","template":"","meta":[],"_links":{"self":[{"href":"https:\/\/odakmakine.net\/index.php?rest_route=\/wp\/v2\/pages\/23"}],"collection":[{"href":"https:\/\/odakmakine.net\/index.php?rest_route=\/wp\/v2\/pages"}],"about":[{"href":"https:\/\/odakmakine.net\/index.php?rest_route=\/wp\/v2\/types\/page"}],"author":[{"embeddable":true,"href":"https:\/\/odakmakine.net\/index.php?rest_route=\/wp\/v2\/users\/1"}],"replies":[{"embeddable":true,"href":"https:\/\/odakmakine.net\/index.php?rest_route=%2Fwp%2Fv2%2Fcomments&post=23"}],"version-history":[{"count":2,"href":"https:\/\/odakmakine.net\/index.php?rest_route=\/wp\/v2\/pages\/23\/revisions"}],"predecessor-version":[{"id":87,"href":"https:\/\/odakmakine.net\/index.php?rest_route=\/wp\/v2\/pages\/23\/revisions\/87"}],"wp:attachment":[{"href":"https:\/\/odakmakine.net\/index.php?rest_route=%2Fwp%2Fv2%2Fmedia&parent=23"}],"curies":[{"name":"wp","href":"https:\/\/api.w.org\/{rel}","templated":true}]}}